{"id":24,"date":"2026-03-17T09:54:46","date_gmt":"2026-03-17T08:54:46","guid":{"rendered":"https:\/\/www.inseec.com\/inscription\/?page_id=24"},"modified":"2026-03-19T14:45:16","modified_gmt":"2026-03-19T13:45:16","slug":"confirmation-inscription-evenement","status":"publish","type":"page","link":"https:\/\/www.supdepub.com\/inscription\/confirmation-inscription-evenement\/","title":{"rendered":"Confirmation inscription \u00e9v\u00e8nement"},"content":{"rendered":"<div\n\tid=\"welcome-form-confirmation-event-block_6e9a4338b3b99cea75c74c8b30e5cae4\"\n\tclass=\"welcome-form welcome-form-confirmation welcome-form-confirmation--event alignfull welcome-form-confirmation-event alignfull\"\n>\n\t<div class=\"welcome-form-confirmation-loader\" aria-hidden=\"true\">\n\t\t<div class=\"welcome-form-confirmation-loader__spinner\"><\/div>\n\t<\/div>\n\t<div class=\"welcome-form-confirmation-content\">\n\t<div class=\"welcome-form-confirmation-header\">\n\t\t\t\t\t<img decoding=\"async\" src=\"https:\/\/www.supdepub.com\/inscription\/wp-content\/uploads\/sites\/40\/2026\/03\/supdepub-logo.svg?w=300\" alt=\"supdepub Inscription\" class=\"welcome-form-confirmation-header__logo\">\n\t\t\t\t<div class=\"welcome-form-confirmation-header__inner container\">\n\t\t\t<div class=\"welcome-form-confirmation-header__left\">\n\t\t\t\t<div class=\"welcome-form-confirmation-event-card welcome-form-event-card welcome-form-event-card--large\">\n\t\t\t\t\t<div class=\"welcome-form-event-card-date\">\n\t\t\t\t\t\t<span class=\"welcome-form-event-card-date__day is-loading\" id=\"welcome-form-confirmation-event-card-date-day\">01<\/span>\n\t\t\t\t\t\t<span class=\"welcome-form-event-card-date__month is-loading\" id=\"welcome-form-confirmation-event-card-date-month\">Janv.<\/span>\n\t\t\t\t\t<\/div>\n\t\t\t\t\t<div class=\"welcome-form-event-card__content\">\n\t\t\t\t\t\t<p class=\"welcome-form-event-card__title is-loading\" id=\"welcome-form-confirmation-event-card-title\">Titre<\/p>\n\t\t\t\t\t\t<ul class=\"welcome-form-event-card__metas\">\n\t\t\t\t\t\t\t<li class=\"welcome-form-event-card__meta\">\n\t\t\t\t\t\t\t\t<span class=\"welcome-form-event-card__meta-icon\">\n\t\t\t\t\t\t\t\t<svg xmlns=\"http:\/\/www.w3.org\/2000\/svg\" width=\"16\" height=\"16\" viewBox=\"0 0 16 16\" aria-hidden=\"true\">\n\t\t\t\t\t\t\t\t\t<path d=\"M7.99996 16.0013C7.43859 16.0042 6.8847 15.8725 6.38467 15.6174C5.88464 15.3622 5.45303 14.9909 5.12596 14.5347C2.5853 11.03 1.29663 8.39533 1.29663 6.70333C1.29663 4.9255 2.00287 3.22048 3.25999 1.96336C4.51711 0.706242 6.22213 0 7.99996 0C9.7778 0 11.4828 0.706242 12.7399 1.96336C13.9971 3.22048 14.7033 4.9255 14.7033 6.70333C14.7033 8.39533 13.4146 11.03 10.874 14.5347C10.5469 14.9909 10.1153 15.3622 9.61525 15.6174C9.11522 15.8725 8.56133 16.0042 7.99996 16.0013ZM7.99996 1.45533C6.60824 1.45692 5.27398 2.01048 4.28988 2.99458C3.30578 3.97868 2.75222 5.31294 2.75063 6.70467C2.75063 8.04467 4.01263 10.5227 6.3033 13.682C6.49776 13.9499 6.75288 14.1679 7.04777 14.3182C7.34267 14.4685 7.66897 14.5469 7.99996 14.5469C8.33096 14.5469 8.65726 14.4685 8.95216 14.3182C9.24705 14.1679 9.50217 13.9499 9.69663 13.682C11.9873 10.5227 13.2493 8.04467 13.2493 6.70467C13.2477 5.31294 12.6941 3.97868 11.71 2.99458C10.726 2.01048 9.39169 1.45692 7.99996 1.45533Z\"\/>\n\t\t\t\t\t\t\t\t\t<path d=\"M7.99992 4.00146C7.4725 4.00146 6.95693 4.15786 6.5184 4.45088C6.07987 4.7439 5.73807 5.16037 5.53624 5.64764C5.33441 6.13491 5.2816 6.67109 5.38449 7.18837C5.48739 7.70565 5.74136 8.18081 6.1143 8.55375C6.48724 8.92669 6.9624 9.18067 7.47968 9.28356C7.99696 9.38645 8.53314 9.33364 9.02041 9.13181C9.50768 8.92998 9.92415 8.58818 10.2172 8.14965C10.5102 7.71112 10.6666 7.19555 10.6666 6.66813C10.6666 5.96089 10.3856 5.28261 9.88554 4.78251C9.38544 4.28242 8.70716 4.00146 7.99992 4.00146ZM7.99992 8.00146C7.73621 8.00146 7.47843 7.92327 7.25916 7.77676C7.03989 7.63025 6.869 7.42201 6.76808 7.17838C6.66716 6.93474 6.64076 6.66665 6.69221 6.40801C6.74365 6.14937 6.87064 5.91179 7.05711 5.72532C7.24358 5.53885 7.48116 5.41186 7.7398 5.36042C7.99844 5.30897 8.26653 5.33538 8.51016 5.43629C8.7538 5.53721 8.96204 5.70811 9.10855 5.92737C9.25505 6.14664 9.33325 6.40442 9.33325 6.66813C9.33325 7.02175 9.19278 7.36089 8.94273 7.61094C8.69268 7.86099 8.35354 8.00146 7.99992 8.00146Z\"\/>\n\t\t\t\t\t\t\t\t<\/svg>\n\t\t\t\t\t\t\t\t<\/span>\n\t\t\t\t\t\t\t\t<span class=\"welcome-form-event-card__meta-text is-loading\" id=\"welcome-form-confirmation-event-card-location\">Paris<\/span>\n\t\t\t\t\t\t\t<\/li>\n\t\t\t\t\t\t\t<li class=\"welcome-form-event-card__meta\">\n\t\t\t\t\t\t\t\t<span class=\"welcome-form-event-card__meta-icon\">\n\t\t\t\t\t\t\t\t<svg xmlns=\"http:\/\/www.w3.org\/2000\/svg\" width=\"16\" height=\"16\" viewBox=\"0 0 16 16\" aria-hidden=\"true\">\n\t\t\t\t\t\t\t\t\t<path d=\"M8 0C6.41775 0 4.87104 0.469192 3.55544 1.34824C2.23985 2.22729 1.21447 3.47672 0.608967 4.93853C0.00346629 6.40034 -0.15496 8.00887 0.153721 9.56072C0.462403 11.1126 1.22433 12.538 2.34315 13.6569C3.46197 14.7757 4.88743 15.5376 6.43928 15.8463C7.99113 16.155 9.59966 15.9965 11.0615 15.391C12.5233 14.7855 13.7727 13.7602 14.6518 12.4446C15.5308 11.129 16 9.58225 16 8C15.9977 5.87897 15.1541 3.84547 13.6543 2.34568C12.1545 0.845886 10.121 0.00229405 8 0ZM8 14.6667C6.68146 14.6667 5.39253 14.2757 4.2962 13.5431C3.19987 12.8106 2.34539 11.7694 1.84081 10.5512C1.33622 9.33305 1.2042 7.99261 1.46144 6.6994C1.71867 5.40619 2.35361 4.21831 3.28596 3.28596C4.21831 2.35361 5.4062 1.71867 6.6994 1.46143C7.99261 1.2042 9.33305 1.33622 10.5512 1.8408C11.7694 2.34539 12.8106 3.19987 13.5431 4.2962C14.2757 5.39253 14.6667 6.68146 14.6667 8C14.6647 9.76752 13.9617 11.4621 12.7119 12.7119C11.4621 13.9617 9.76752 14.6647 8 14.6667Z\"\/>\n\t\t\t\t\t\t\t\t\t<path d=\"M7.99988 4C7.82307 4 7.6535 4.07024 7.52848 4.19526C7.40345 4.32029 7.33322 4.48986 7.33322 4.66667V7.55L5.08588 8.958C4.93559 9.05189 4.82876 9.20163 4.78887 9.37429C4.74899 9.54695 4.77933 9.72838 4.87322 9.87867C4.9671 10.029 5.11685 10.1358 5.2895 10.1757C5.46216 10.2156 5.64359 10.1852 5.79388 10.0913L8.35388 8.49133C8.45061 8.43073 8.53015 8.34631 8.5849 8.24616C8.63964 8.146 8.66776 8.03347 8.66655 7.91933V4.66667C8.66655 4.48986 8.59631 4.32029 8.47129 4.19526C8.34626 4.07024 8.17669 4 7.99988 4Z\"\/>\n\t\t\t\t\t\t\t\t<\/svg>\n\t\t\t\t\t\t\t\t<\/span>\n\t\t\t\t\t\t\t\t<span class=\"welcome-form-event-card__meta-text is-loading\" id=\"welcome-form-confirmation-event-card-time\">14:00 &#8211; 18:00<\/span>\n\t\t\t\t\t\t\t<\/li>\n\t\t\t\t\t\t<\/ul>\n\t\t\t\t\t<\/div>\n\t\t\t\t<\/div>\n\t\t\t<\/div>\n\t\t\t<div class=\"welcome-form-confirmation-header__content\">\n\t\t\t\t<p class=\"welcome-form-confirmation-header__subtitle\">\u2714 Inscription JPO confirm\u00e9e <\/p>\n\t\t\t\t<h1 class=\"welcome-form-confirmation-header__title\">H\u00e2te de vous voir\u00a0!<\/h1>\n\t\t\t\t\t\t\t\t\t<div class=\"welcome-form-confirmation-header__excerpt\">\n\t\t\t\t\t\t<p>Un mail de confirmation vous sera envoy\u00e9 prochainement. Gagnez du temps : commencez votre candidature !<\/p>\n\t\t\t\t\t<\/div>\n\t\t\t\t\t\t\t\t<div class=\"welcome-form-confirmation-header__buttons wp-block-buttons is-layout-flex\">\n\t\t\t\t\t\t\t\t\t\t\t<div class=\"wp-block-button is-style-outline-md\"><a href=\"https:\/\/prospect.omneseducation.com\/app\/supdepub\/program?referrer=https%3A%2F%2Fwww.supdepub.com%2Finscription\" class=\"welcome-form-confirmation-header__button wp-block-button__link welcome-form-confirmation-candidature-url\" target=\"_blank\">Commencer ma candidature<\/a><\/div>\n\t\t\t\t\t\t\t\t\t\t<div class=\"wp-block-button\"><button type=\"button\" class=\"welcome-form-confirmation-header__button wp-block-button__link\" id=\"welcome-form-confirmation-add-agenda\">Ajouter \u00e0 mon agenda<\/button><\/div>\n\t\t\t\t<\/div>\n\t\t\t<\/div>\n\t\t<\/div>\n\t<\/div>\n\n\t<div class=\"welcome-form-confirmation-footer\">\n\t\t<div class=\"container\">\n\t\t\t<div class=\"welcome-form-confirmation-footer__inner\">\n\t\t\t\t<p class=\"welcome-form-confirmation-footer__subtitle\">\u23f0 Ne perdez pas de temps !<\/p>\n\t\t\t\t<h2 class=\"welcome-form-confirmation-footer__title\">Pr\u00e9parez votre candidature<\/h2>\n\t\t\t<\/div>\n\t\t\t<div class=\"welcome-form-confirmation-cards-small\">\n\t\t\t\t\t\t\t\t\t\t\t\t\t\t\t<div class=\"welcome-form-confirmation-card-small\">\n\t\t\t\t\t\t\t\t\t\t\t\t\t\t\t<div class=\"welcome-form-confirmation-card-small__icon\">\n\t\t\t\t\t\t\t\t\t  <svg xmlns=\"http:\/\/www.w3.org\/2000\/svg\" width=\"24\" height=\"24\" viewBox=\"0 0 24 24\" fill=\"none\">\r\n  <path d=\"M19.949 5.536L16.465 2.05C15.142 0.728 13.384 0 11.515 0H7C4.243 0 2 2.243 2 5V11C2 11.552 2.447 12 3 12C3.553 12 4 11.552 4 11V5C4 3.346 5.346 2 7 2H11.515C11.678 2 11.84 2.008 12 2.023V7C12 8.654 13.346 10 15 10H19.977C19.992 10.16 20 10.322 20 10.485V19C20 20.654 18.654 22 17 22H7C5.346 22 4 20.654 4 19C4 18.448 3.553 18 3 18C2.447 18 2 18.448 2 19C2 21.757 4.243 24 7 24H17C19.757 24 22 21.757 22 19V10.485C22 8.614 21.271 6.858 19.949 5.536ZM15 8C14.448 8 14 7.551 14 7V2.659C14.38 2.877 14.733 3.146 15.051 3.464L18.535 6.95C18.853 7.267 19.122 7.62 19.34 8H14.999H15ZM10.398 16H1C0.447 16 0 15.552 0 15C0 14.448 0.447 14 1 14H10.398L9.105 12.707C8.714 12.316 8.714 11.683 9.105 11.293C9.496 10.902 10.128 10.902 10.519 11.293L12.132 12.907C13.286 14.061 13.286 15.939 12.132 17.094L10.519 18.708C10.324 18.903 10.068 19.001 9.812 19.001C9.556 19.001 9.3 18.903 9.105 18.708C8.714 18.318 8.714 17.685 9.105 17.294L10.398 16Z\" fill=\"#002D74\" \/>\r\n<\/svg>\t\t\t\t\t\t\t\t<\/div>\n\t\t\t\t\t\t\t\t\t\t\t\t\t\t<div class=\"welcome-form-confirmation-card-small__content\">\n\t\t\t\t\t\t\t\t<h3 class=\"welcome-form-confirmation-card-small__title\">Pr\u00e9parez vos documents<\/h3>\n\t\t\t\t\t\t\t\t\t\t\t\t\t\t\t\t\t<div class=\"welcome-form-confirmation-card-small__description\">\n\t\t\t\t\t\t\t\t\t\t<p>Pi\u00e8ce d\u2019identit\u00e9, CV, attestation de scolarit\u00e9, relev\u00e9 de notes, etc. <\/p>\n\t\t\t\t\t\t\t\t\t<\/div>\n\t\t\t\t\t\t\t\t\t\t\t\t\t\t\t<\/div>\n\t\t\t\t\t\t<\/div>\n\t\t\t\t\t\t\t\t\t\t\t<div class=\"welcome-form-confirmation-card-small\">\n\t\t\t\t\t\t\t\t\t\t\t\t\t\t\t<div class=\"welcome-form-confirmation-card-small__icon\">\n\t\t\t\t\t\t\t\t\t  \r\n<svg xmlns=\"http:\/\/www.w3.org\/2000\/svg\" width=\"24\" height=\"24\" viewBox=\"0 0 24 24\" fill=\"none\">\r\n  <path d=\"M20.5 16.001H17V12.501C17 10.571 15.43 9.001 13.5 9.001H10.5C8.57 9.001 7 10.571 7 12.501V13.001H3.5C1.57 13.001 0 14.571 0 16.501V20.501C0 22.431 1.57 24.001 3.5 24.001H20.5C22.43 24.001 24 22.431 24 20.501V19.501C24 17.571 22.43 16.001 20.5 16.001ZM9 12.501C9 11.674 9.673 11.001 10.5 11.001H13.5C14.327 11.001 15 11.674 15 12.501V22.001H9V12.501ZM2 20.501V16.501C2 15.674 2.673 15.001 3.5 15.001H7V22.001H3.5C2.673 22.001 2 21.328 2 20.501ZM22 20.501C22 21.328 21.327 22.001 20.5 22.001H17V18.001H20.5C21.327 18.001 22 18.674 22 19.501V20.501ZM8.041 2.858C8.137 2.596 8.387 2.421 8.667 2.421H10.668L11.376 0.434C11.473 0.173 11.722 0 12.001 0C12.28 0 12.529 0.173 12.626 0.434L13.334 2.421H15.335C15.615 2.421 15.865 2.596 15.961 2.859C16.057 3.122 15.978 3.417 15.764 3.598L14.187 4.883L14.839 6.87C14.928 7.139 14.838 7.435 14.613 7.608C14.388 7.781 14.079 7.793 13.842 7.639L12.006 6.443L10.201 7.651C10.089 7.726 9.959 7.764 9.83 7.764C9.689 7.764 9.548 7.719 9.43 7.631C9.203 7.461 9.109 7.167 9.194 6.897L9.821 4.886L8.236 3.596C8.023 3.415 7.944 3.12 8.041 2.858Z\" fill=\"#002D74\" \/>\r\n<\/svg>\t\t\t\t\t\t\t\t<\/div>\n\t\t\t\t\t\t\t\t\t\t\t\t\t\t<div class=\"welcome-form-confirmation-card-small__content\">\n\t\t\t\t\t\t\t\t<h3 class=\"welcome-form-confirmation-card-small__title\">Prenez une longueur d\u2019avance<\/h3>\n\t\t\t\t\t\t\t\t\t\t\t\t\t\t\t\t\t<div class=\"welcome-form-confirmation-card-small__description\">\n\t\t\t\t\t\t\t\t\t\t<p>Soyez au courant des exigences de l\u2019\u00e9cole pour perfectionner votre candidature <\/p>\n\t\t\t\t\t\t\t\t\t<\/div>\n\t\t\t\t\t\t\t\t\t\t\t\t\t\t\t<\/div>\n\t\t\t\t\t\t<\/div>\n\t\t\t\t\t\t\t\t\t\t\t<div class=\"welcome-form-confirmation-card-small\">\n\t\t\t\t\t\t\t\t\t\t\t\t\t\t\t<div class=\"welcome-form-confirmation-card-small__icon\">\n\t\t\t\t\t\t\t\t\t  \r\n<svg xmlns=\"http:\/\/www.w3.org\/2000\/svg\" width=\"24\" height=\"24\" viewBox=\"0 0 24 24\" fill=\"none\">\r\n  <path d=\"M10 23C10 23.553 9.553 24 9 24H5C2.243 24 0 21.757 0 19V5C0 2.243 2.243 0 5 0H13C15.757 0 18 2.243 18 5V7C18 7.553 17.553 8 17 8C16.447 8 16 7.553 16 7V5C16 3.346 14.654 2 13 2H5C3.346 2 2 3.346 2 5V19C2 20.654 3.346 22 5 22H9C9.553 22 10 22.447 10 23ZM14 6C14 5.447 13.553 5 13 5H5C4.447 5 4 5.447 4 6C4 6.553 4.447 7 5 7H13C13.553 7 14 6.553 14 6ZM10 11C10 10.447 9.553 10 9 10H5C4.447 10 4 10.447 4 11C4 11.553 4.447 12 5 12H9C9.553 12 10 11.553 10 11ZM5 15C4.447 15 4 15.447 4 16C4 16.553 4.447 17 5 17H7C7.553 17 8 16.553 8 16C8 15.447 7.553 15 7 15H5ZM24 17C24 20.859 20.859 24 17 24C13.141 24 10 20.859 10 17C10 13.141 13.141 10 17 10C20.859 10 24 13.141 24 17ZM22 17C22 14.243 19.757 12 17 12C14.243 12 12 14.243 12 17C12 19.757 14.243 22 17 22C19.757 22 22 19.757 22 17ZM18.808 15.759L16.585 17.893C16.441 18.034 16.206 18.037 16.063 17.895L14.932 16.787C14.536 16.399 13.904 16.405 13.518 16.801C13.131 17.196 13.137 17.828 13.532 18.215L14.664 19.324C15.124 19.773 15.726 19.998 16.327 19.998C16.928 19.998 17.528 19.773 17.98 19.327L20.193 17.203C20.591 16.82 20.604 16.187 20.222 15.789C19.839 15.389 19.205 15.378 18.808 15.76V15.759Z\" fill=\"#002D74\" \/>\r\n<\/svg>\t\t\t\t\t\t\t\t<\/div>\n\t\t\t\t\t\t\t\t\t\t\t\t\t\t<div class=\"welcome-form-confirmation-card-small__content\">\n\t\t\t\t\t\t\t\t<h3 class=\"welcome-form-confirmation-card-small__title\">Pr\u00e9-compl\u00e9tez le formulaire<\/h3>\n\t\t\t\t\t\t\t\t\t\t\t\t\t\t\t\t\t<div class=\"welcome-form-confirmation-card-small__description\">\n\t\t\t\t\t\t\t\t\t\t<p>Reprenez votre progression dans le formulaire apr\u00e8s votre Journ\u00e9e Portes Ouvertes. <\/p>\n\t\t\t\t\t\t\t\t\t<\/div>\n\t\t\t\t\t\t\t\t\t\t\t\t\t\t\t<\/div>\n\t\t\t\t\t\t<\/div>\n\t\t\t\t\t\t\t\t\t\t\t\t<\/div>\n\t\t\t\t\t\t\t<div class=\"welcome-form-confirmation-footer__cards-url wp-block-buttons is-layout-flex\">\n\t\t\t\t\t<div class=\"wp-block-button is-style-fill-lg\"><a href=\"https:\/\/prospect.omneseducation.com\/app\/supdepub\/program?referrer=https%3A%2F%2Fwww.supdepub.com%2Finscription\" class=\"wp-block-button__link welcome-form-confirmation-candidature-url\" target=\"_blank\">Commencer ma candidature<\/a><\/div>\n\t\t\t\t<\/div>\n\t\t\t\t\t\t\t\t\t\t<div class=\"welcome-form-confirmation-footer__site-url wp-block-buttons is-layout-flex\">\n\t\t\t\t\t<div class=\"wp-block-button is-style-outline-md\"><a href=\"https:\/\/www.supdepub.com\/\" class=\"wp-block-button__link\">Retourner sur le site Sup de Pub<\/a><\/div>\n\t\t\t\t<\/div>\n\t\t\t\t\t<\/div>\n\t<\/div>\n\t<\/div>\n<\/div>\n","protected":false},"excerpt":{"rendered":"","protected":false},"author":217,"featured_media":0,"parent":0,"menu_order":0,"comment_status":"closed","ping_status":"closed","template":"welcome-form-confirmation","meta":{"_acf_changed":true,"footnotes":""},"analytics_tag":[],"class_list":["post-24","page","type-page","status-publish","hentry"],"acf":[],"yoast_head":"<title>Confirmation inscription \u00e9v\u00e8nement - supdepub Inscription<\/title>\n<meta name=\"robots\" content=\"index, follow, max-snippet:-1, max-image-preview:large, max-video-preview:-1\" \/>\n<link rel=\"canonical\" href=\"https:\/\/www.supdepub.com\/inscription\/confirmation-inscription-evenement\/\" \/>\n<meta property=\"og:locale\" content=\"fr_FR\" \/>\n<meta property=\"og:type\" content=\"article\" \/>\n<meta property=\"og:title\" content=\"Confirmation inscription \u00e9v\u00e8nement - supdepub Inscription\" \/>\n<meta property=\"og:url\" content=\"https:\/\/www.supdepub.com\/inscription\/confirmation-inscription-evenement\/\" \/>\n<meta property=\"og:site_name\" content=\"supdepub Inscription\" \/>\n<meta property=\"article:modified_time\" content=\"2026-03-19T13:45:16+00:00\" \/>\n<meta name=\"twitter:card\" content=\"summary_large_image\" \/>\n<script type=\"application\/ld+json\" class=\"yoast-schema-graph\">{\"@context\":\"https:\/\/schema.org\",\"@graph\":[{\"@type\":\"WebPage\",\"@id\":\"https:\/\/www.supdepub.com\/inscription\/confirmation-inscription-evenement\/\",\"url\":\"https:\/\/www.supdepub.com\/inscription\/confirmation-inscription-evenement\/\",\"name\":\"Confirmation inscription \u00e9v\u00e8nement - supdepub Inscription\",\"isPartOf\":{\"@id\":\"https:\/\/www.supdepub.com\/inscription\/#website\"},\"datePublished\":\"2026-03-17T08:54:46+00:00\",\"dateModified\":\"2026-03-19T13:45:16+00:00\",\"breadcrumb\":{\"@id\":\"https:\/\/www.supdepub.com\/inscription\/confirmation-inscription-evenement\/#breadcrumb\"},\"inLanguage\":\"fr-FR\",\"potentialAction\":[{\"@type\":\"ReadAction\",\"target\":[\"https:\/\/www.supdepub.com\/inscription\/confirmation-inscription-evenement\/\"]}]},{\"@type\":\"BreadcrumbList\",\"@id\":\"https:\/\/www.supdepub.com\/inscription\/confirmation-inscription-evenement\/#breadcrumb\",\"itemListElement\":[{\"@type\":\"ListItem\",\"position\":1,\"name\":\"Home\",\"item\":\"https:\/\/www.supdepub.com\/inscription\/\"},{\"@type\":\"ListItem\",\"position\":2,\"name\":\"Confirmation inscription \u00e9v\u00e8nement\"}]},{\"@type\":\"WebSite\",\"@id\":\"https:\/\/www.supdepub.com\/inscription\/#website\",\"url\":\"https:\/\/www.supdepub.com\/inscription\/\",\"name\":\"supdepub Inscription\",\"description\":\"\",\"potentialAction\":[{\"@type\":\"SearchAction\",\"target\":{\"@type\":\"EntryPoint\",\"urlTemplate\":\"https:\/\/www.supdepub.com\/inscription\/?s={search_term_string}\"},\"query-input\":{\"@type\":\"PropertyValueSpecification\",\"valueRequired\":true,\"valueName\":\"search_term_string\"}}],\"inLanguage\":\"fr-FR\"}]}<\/script>","yoast_head_json":{"title":"Confirmation inscription \u00e9v\u00e8nement - supdepub Inscription","robots":{"index":"index","follow":"follow","max-snippet":"max-snippet:-1","max-image-preview":"max-image-preview:large","max-video-preview":"max-video-preview:-1"},"canonical":"https:\/\/www.supdepub.com\/inscription\/confirmation-inscription-evenement\/","og_locale":"fr_FR","og_type":"article","og_title":"Confirmation inscription \u00e9v\u00e8nement - supdepub Inscription","og_url":"https:\/\/www.supdepub.com\/inscription\/confirmation-inscription-evenement\/","og_site_name":"supdepub Inscription","article_modified_time":"2026-03-19T13:45:16+00:00","twitter_card":"summary_large_image","schema":{"@context":"https:\/\/schema.org","@graph":[{"@type":"WebPage","@id":"https:\/\/www.supdepub.com\/inscription\/confirmation-inscription-evenement\/","url":"https:\/\/www.supdepub.com\/inscription\/confirmation-inscription-evenement\/","name":"Confirmation inscription \u00e9v\u00e8nement - supdepub Inscription","isPartOf":{"@id":"https:\/\/www.supdepub.com\/inscription\/#website"},"datePublished":"2026-03-17T08:54:46+00:00","dateModified":"2026-03-19T13:45:16+00:00","breadcrumb":{"@id":"https:\/\/www.supdepub.com\/inscription\/confirmation-inscription-evenement\/#breadcrumb"},"inLanguage":"fr-FR","potentialAction":[{"@type":"ReadAction","target":["https:\/\/www.supdepub.com\/inscription\/confirmation-inscription-evenement\/"]}]},{"@type":"BreadcrumbList","@id":"https:\/\/www.supdepub.com\/inscription\/confirmation-inscription-evenement\/#breadcrumb","itemListElement":[{"@type":"ListItem","position":1,"name":"Home","item":"https:\/\/www.supdepub.com\/inscription\/"},{"@type":"ListItem","position":2,"name":"Confirmation inscription \u00e9v\u00e8nement"}]},{"@type":"WebSite","@id":"https:\/\/www.supdepub.com\/inscription\/#website","url":"https:\/\/www.supdepub.com\/inscription\/","name":"supdepub Inscription","description":"","potentialAction":[{"@type":"SearchAction","target":{"@type":"EntryPoint","urlTemplate":"https:\/\/www.supdepub.com\/inscription\/?s={search_term_string}"},"query-input":{"@type":"PropertyValueSpecification","valueRequired":true,"valueName":"search_term_string"}}],"inLanguage":"fr-FR"}]}},"lang":"fr","translations":{"fr":24,"en":223},"jetpack_sharing_enabled":true,"pll_sync_post":[],"_links":{"self":[{"href":"https:\/\/www.supdepub.com\/inscription\/wp-json\/wp\/v2\/pages\/24","targetHints":{"allow":["GET"]}}],"collection":[{"href":"https:\/\/www.supdepub.com\/inscription\/wp-json\/wp\/v2\/pages"}],"about":[{"href":"https:\/\/www.supdepub.com\/inscription\/wp-json\/wp\/v2\/types\/page"}],"author":[{"embeddable":true,"href":"https:\/\/www.supdepub.com\/inscription\/wp-json\/wp\/v2\/users\/217"}],"replies":[{"embeddable":true,"href":"https:\/\/www.supdepub.com\/inscription\/wp-json\/wp\/v2\/comments?post=24"}],"version-history":[{"count":2,"href":"https:\/\/www.supdepub.com\/inscription\/wp-json\/wp\/v2\/pages\/24\/revisions"}],"predecessor-version":[{"id":659,"href":"https:\/\/www.supdepub.com\/inscription\/wp-json\/wp\/v2\/pages\/24\/revisions\/659"}],"wp:attachment":[{"href":"https:\/\/www.supdepub.com\/inscription\/wp-json\/wp\/v2\/media?parent=24"}],"wp:term":[{"taxonomy":"analytics_tag","embeddable":true,"href":"https:\/\/www.supdepub.com\/inscription\/wp-json\/wp\/v2\/analytics_tag?post=24"}],"curies":[{"name":"wp","href":"https:\/\/api.w.org\/{rel}","templated":true}]}}