{"id":228,"date":"2026-03-18T12:58:20","date_gmt":"2026-03-18T11:58:20","guid":{"rendered":"https:\/\/www.esce.fr\/inscription\/?page_id=228"},"modified":"2026-03-19T14:50:38","modified_gmt":"2026-03-19T13:50:38","slug":"brochure-confirmation","status":"publish","type":"page","link":"https:\/\/www.supdepub.com\/inscription\/en\/brochure-confirmation\/","title":{"rendered":"Brochure request confirmation"},"content":{"rendered":"<div\n\tid=\"welcome-form-confirmation-download-brochure-block_2bccd7392576cf9acd7d0399f93ac457\"\n\tclass=\"welcome-form welcome-form-confirmation welcome-form-confirmation--brochure alignfull welcome-form-confirmation-download-brochure alignfull\"\n>\n\t<div class=\"welcome-form-confirmation-loader\" aria-hidden=\"true\">\n\t\t<div class=\"welcome-form-confirmation-loader__spinner\"><\/div>\n\t<\/div>\n\t<div class=\"welcome-form-confirmation-content\">\n\t\t<div class=\"welcome-form-confirmation-header\">\n\t\t\t\t\t\t\t<img decoding=\"async\" src=\"https:\/\/www.supdepub.com\/inscription\/wp-content\/uploads\/sites\/40\/2026\/03\/supdepub-logo.svg?w=300\" alt=\"supdepub Inscription\" class=\"welcome-form-confirmation-header__logo\">\n\t\t\t\t\t\t<div class=\"welcome-form-confirmation-header__inner container\">\n\t\t\t\t\t\t\t\t\t<div class=\"welcome-form-confirmation-header__left\">\n\t\t\t\t\t\t<img loading=\"lazy\" decoding=\"async\" width=\"682\" height=\"1024\" src=\"https:\/\/www.supdepub.com\/inscription\/wp-content\/uploads\/sites\/40\/2026\/03\/Brochure-confirmation.webp?w=682\" class=\"attachment-large size-large\" alt=\"\" srcset=\"https:\/\/www.supdepub.com\/inscription\/wp-content\/uploads\/sites\/40\/2026\/03\/Brochure-confirmation.webp 1035w, https:\/\/www.supdepub.com\/inscription\/wp-content\/uploads\/sites\/40\/2026\/03\/Brochure-confirmation.webp?resize=200,300 200w, https:\/\/www.supdepub.com\/inscription\/wp-content\/uploads\/sites\/40\/2026\/03\/Brochure-confirmation.webp?resize=768,1152 768w, https:\/\/www.supdepub.com\/inscription\/wp-content\/uploads\/sites\/40\/2026\/03\/Brochure-confirmation.webp?resize=682,1024 682w, https:\/\/www.supdepub.com\/inscription\/wp-content\/uploads\/sites\/40\/2026\/03\/Brochure-confirmation.webp?resize=1024,1536 1024w, https:\/\/www.supdepub.com\/inscription\/wp-content\/uploads\/sites\/40\/2026\/03\/Brochure-confirmation.webp?resize=120,180 120w, https:\/\/www.supdepub.com\/inscription\/wp-content\/uploads\/sites\/40\/2026\/03\/Brochure-confirmation.webp?resize=240,360 240w, https:\/\/www.supdepub.com\/inscription\/wp-content\/uploads\/sites\/40\/2026\/03\/Brochure-confirmation.webp?resize=27,40 27w, https:\/\/www.supdepub.com\/inscription\/wp-content\/uploads\/sites\/40\/2026\/03\/Brochure-confirmation.webp?resize=53,80 53w, https:\/\/www.supdepub.com\/inscription\/wp-content\/uploads\/sites\/40\/2026\/03\/Brochure-confirmation.webp?resize=107,160 107w, https:\/\/www.supdepub.com\/inscription\/wp-content\/uploads\/sites\/40\/2026\/03\/Brochure-confirmation.webp?resize=33,50 33w, https:\/\/www.supdepub.com\/inscription\/wp-content\/uploads\/sites\/40\/2026\/03\/Brochure-confirmation.webp?resize=67,100 67w, https:\/\/www.supdepub.com\/inscription\/wp-content\/uploads\/sites\/40\/2026\/03\/Brochure-confirmation.webp?resize=16,24 16w, https:\/\/www.supdepub.com\/inscription\/wp-content\/uploads\/sites\/40\/2026\/03\/Brochure-confirmation.webp?resize=32,48 32w\" sizes=\"auto, (max-width: 682px) 100vw, 682px\" \/>\t\t\t\t\t<\/div>\n\t\t\t\t\t\t\t\t<div class=\"welcome-form-confirmation-header__content\">\n\t\t\t\t\t<p class=\"welcome-form-confirmation-header__subtitle\">\u2714 Download the brochure<\/p>\n\t\t\t\t\t<h1 class=\"welcome-form-confirmation-header__title\">Enjoy your reading!<\/h1>\n\t\t\t\t\t\t\t\t\t\t\t<div class=\"welcome-form-confirmation-header__excerpt\">\n\t\t\t\t\t\t\t<p>Everything you need to know about the school, just one click away.<br \/>\nHave a question? Let\u2019s talk!<\/p>\n\t\t\t\t\t\t<\/div>\n\t\t\t\t\t\t\t\t\t\t<div class=\"welcome-form-confirmation-header__buttons wp-block-buttons is-layout-flex\">\n\t\t\t\t\t\t<div class=\"wp-block-button is-style-outline-lg\"><a href=\"#contact-us\" class=\"welcome-form-confirmation-header__button wp-block-button__link\">Nous rencontrer<\/a><\/div>\n\t\t\t\t\t\t<div class=\"wp-block-button is-style-fill-lg\"><a href=\"https:\/\/www.supdepub.com\/inscription\/en\/brochure-confirmation\/#download-brochure\" class=\"welcome-form-confirmation-header__button wp-block-button__link\">T\u00e9l\u00e9charger la brochure<\/a><\/div>\n\t\t\t\t\t<\/div>\n\t\t\t\t<\/div>\n\t\t\t<\/div>\n\t\t<\/div>\n\n\t\t\t\t\t<div class=\"welcome-form-confirmation-files welcome-form-confirmation-tabs\" role=\"tablist\" id=\"download-brochure\">\n\t\t\t\t<div class=\"container\">\n\t\t\t\t\t<ul class=\"welcome-form-confirmation-tabs__list\">\n\t\t\t\t\t\t\t\t\t\t\t\t\t<li>\n\t\t\t\t\t\t\t\t<button type=\"button\" role=\"tab\" aria-controls=\"backtoschool-classic\" class=\"welcome-form-confirmation-tabs__tab\">Rentr\u00e9e classique<\/button>\n\t\t\t\t\t\t\t<\/li>\n\t\t\t\t\t\t\t\t\t\t\t\t\t\t\t\t\t\t\t<li>\n\t\t\t\t\t\t\t\t<button type=\"button\" role=\"tab\" aria-controls=\"backtoschool-delayed\" class=\"welcome-form-confirmation-tabs__tab\">Rentr\u00e9e d\u00e9cal\u00e9e<\/button>\n\t\t\t\t\t\t\t<\/li>\n\t\t\t\t\t\t\t\t\t\t\t<\/ul>\n\t\t\t\t\t\t\t\t\t\t\t<div role=\"tabpanel\" tabindex=\"0\" class=\"welcome-form-confirmation-tabs__panel\" id=\"backtoschool-classic\" aria-labelledby=\"backtoschool-classic\">\n\t\t\t\t\t\t\t<div class=\"welcome-form-confirmation-files__list\">\n\t\t\t\t\t\t\t\t\t\t\t\t\t\t\t<article class=\"welcome-form-confirmation-file\">\n\t\t\t\t\t\t\t\t\t<p class=\"welcome-form-confirmation-file__title\">\n\t\t\t\t\t\t\t\t\t\t<span class=\"welcome-form-confirmation-file__name\">Brochure Sup De Pub<\/span>\n\t\t\t\t\t\t\t\t\t\t<span class=\"welcome-form-confirmation-file__type\">pdf<\/span>\n\t\t\t\t\t\t\t\t\t<\/p>\n\t\t\t\t\t\t\t\t\t<a href=\"https:\/\/www.supdepub.com\/inscription\/wp-content\/uploads\/sites\/40\/2026\/03\/BROCHURE_SUP_PUB_FALL-26.pdf\" class=\"welcome-form-confirmation-file__link welcome-form-link-icon\" target=\"_blank\">\n\t\t\t\t\t\t\t\t\t\t<svg xmlns=\"http:\/\/www.w3.org\/2000\/svg\" viewBox=\"0 0 14 16\" aria-hidden=\"true\">\n\t\t\t\t\t\t\t\t\t\t<path d=\"M11.966 3.69 9.643 1.368A4.64 4.64 0 0 0 6.343 0h-3.01A3.337 3.337 0 0 0 0 3.333v9.334A3.337 3.337 0 0 0 3.333 16H10a3.337 3.337 0 0 0 3.333-3.333V6.99a4.63 4.63 0 0 0-1.367-3.3m-.943.944c.212.211.392.447.537.7H8.666a.667.667 0 0 1-.667-.667V1.773q.382.218.701.536zM12 12.667c0 1.103-.897 2-2 2H3.333c-1.102 0-2-.897-2-2V3.333c0-1.102.898-2 2-2h3.01q.163 0 .324.016v3.318c0 1.102.897 2 2 2h3.318q.015.16.015.323zm-2.862-1.93c.26.26.26.682 0 .943l-1.075 1.076a1.97 1.97 0 0 1-1.396.577 1.97 1.97 0 0 1-1.396-.577L4.195 11.68a.666.666 0 1 1 .943-.943L6 11.6V8.667a.666.666 0 1 1 1.333 0V11.6l.862-.862a.67.67 0 0 1 .943 0\"\/>\n\t\t\t\t\t\t\t\t\t\t<\/svg>\n\t\t\t\t\t\t\t\t\t\t<span>Je t\u00e9l\u00e9charge<\/span>\n\t\t\t\t\t\t\t\t\t<\/a>\n\t\t\t\t\t\t\t\t<\/article>\n\t\t\t\t\t\t\t\t\t\t\t\t\t\t<\/div>\n\t\t\t\t\t\t<\/div>\n\t\t\t\t\t\t\t\t\t\t\t\t\t\t\t\t<div role=\"tabpanel\" tabindex=\"0\" class=\"welcome-form-confirmation-tabs__panel\" id=\"backtoschool-delayed\" aria-labelledby=\"backtoschool-delayed\">\n\t\t\t\t\t\t\t<div class=\"welcome-form-confirmation-files__list\">\n\t\t\t\t\t\t\t\t\t\t\t\t\t\t\t<article class=\"welcome-form-confirmation-file\">\n\t\t\t\t\t\t\t\t\t<p class=\"welcome-form-confirmation-file__title\">\n\t\t\t\t\t\t\t\t\t\t<span class=\"welcome-form-confirmation-file__name\">Brochure Sup De Pub<\/span>\n\t\t\t\t\t\t\t\t\t\t<span class=\"welcome-form-confirmation-file__type\">pdf<\/span>\n\t\t\t\t\t\t\t\t\t<\/p>\n\t\t\t\t\t\t\t\t\t<a href=\"https:\/\/www.supdepub.com\/inscription\/wp-content\/uploads\/sites\/40\/2026\/03\/BROCHURE_SUP_PUB_FALL-26.pdf\" class=\"welcome-form-confirmation-file__link welcome-form-link-icon\" target=\"_blank\">\n\t\t\t\t\t\t\t\t\t\t<svg xmlns=\"http:\/\/www.w3.org\/2000\/svg\" viewBox=\"0 0 14 16\" aria-hidden=\"true\">\n\t\t\t\t\t\t\t\t\t\t<path d=\"M11.966 3.69 9.643 1.368A4.64 4.64 0 0 0 6.343 0h-3.01A3.337 3.337 0 0 0 0 3.333v9.334A3.337 3.337 0 0 0 3.333 16H10a3.337 3.337 0 0 0 3.333-3.333V6.99a4.63 4.63 0 0 0-1.367-3.3m-.943.944c.212.211.392.447.537.7H8.666a.667.667 0 0 1-.667-.667V1.773q.382.218.701.536zM12 12.667c0 1.103-.897 2-2 2H3.333c-1.102 0-2-.897-2-2V3.333c0-1.102.898-2 2-2h3.01q.163 0 .324.016v3.318c0 1.102.897 2 2 2h3.318q.015.16.015.323zm-2.862-1.93c.26.26.26.682 0 .943l-1.075 1.076a1.97 1.97 0 0 1-1.396.577 1.97 1.97 0 0 1-1.396-.577L4.195 11.68a.666.666 0 1 1 .943-.943L6 11.6V8.667a.666.666 0 1 1 1.333 0V11.6l.862-.862a.67.67 0 0 1 .943 0\"\/>\n\t\t\t\t\t\t\t\t\t\t<\/svg>\n\t\t\t\t\t\t\t\t\t\t<span>Je t\u00e9l\u00e9charge<\/span>\n\t\t\t\t\t\t\t\t\t<\/a>\n\t\t\t\t\t\t\t\t<\/article>\n\t\t\t\t\t\t\t\t\t\t\t\t\t\t<\/div>\n\t\t\t\t\t\t<\/div>\n\t\t\t\t\t\t\t\t\t<\/div>\n\t\t\t<\/div>\n\t\t\n\t\t<div class=\"welcome-form-confirmation-footer\" id=\"contact-us\">\n\t\t\t<div class=\"container\">\n\t\t\t\t<div class=\"welcome-form-confirmation-footer__inner\">\n\t\t\t\t\t<p class=\"welcome-form-confirmation-footer__subtitle\">\ud83d\ude4b\u200d\u2642\ufe0f Need more information?<\/p>\n\t\t\t\t\t<h2 class=\"welcome-form-confirmation-footer__title\">Let\u2019s talk!<\/h2>\n\t\t\t\t<\/div>\n\t\t\t\t<div class=\"welcome-form-confirmation-cards\">\n\t\t\t\t\t\t\t\t\t\t\t<div class=\"welcome-form-confirmation-card\" id=\"welcome-form-confirmation-card-jpo\">\n\t\t\t\t\t\t\t<svg xmlns=\"http:\/\/www.w3.org\/2000\/svg\" viewBox=\"0 0 40 40\" class=\"welcome-form-confirmation-card__icon\" aria-hidden=\"true\">\n\t\t\t\t\t\t\t\t<path d=\"M24.88 15H25c2.756 0 5-2.243 5-5V5c0-2.757-2.244-5-5-5H15c-2.757 0-5 2.243-5 5v5c0 2.757 2.243 5 5 5h.336l3.057 2.695a2.55 2.55 0 0 0 1.693.64c.597 0 1.193-.21 1.663-.627l3.13-2.706zm-4.796-.26-3.016-2.657a1.67 1.67 0 0 0-1.102-.416h-.967c-.92 0-1.666-.749-1.666-1.667V5c0-.918.746-1.667 1.666-1.667h10c.92 0 1.667.749 1.667 1.667v5a1.67 1.67 0 0 1-1.667 1.667h-.74c-.4 0-.788.143-1.09.406l-3.085 2.669zM9.166 30a5.84 5.84 0 0 0 5.833-5.833 5.84 5.84 0 0 0-5.833-5.834 5.84 5.84 0 0 0-5.833 5.834A5.84 5.84 0 0 0 9.166 30m0-8.333c1.378 0 2.5 1.121 2.5 2.5 0 1.378-1.122 2.5-2.5 2.5a2.503 2.503 0 0 1-2.5-2.5c0-1.379 1.122-2.5 2.5-2.5m15.833 2.5A5.84 5.84 0 0 0 30.833 30a5.84 5.84 0 0 0 5.833-5.833 5.84 5.84 0 0 0-5.833-5.834 5.84 5.84 0 0 0-5.834 5.834m5.834-2.5c1.378 0 2.5 1.121 2.5 2.5 0 1.378-1.122 2.5-2.5 2.5a2.503 2.503 0 0 1-2.5-2.5c0-1.379 1.121-2.5 2.5-2.5M18.228 37.748a1.669 1.669 0 0 1-3.124 1.172c-.878-2.343-3.265-3.918-5.938-3.918s-5.06 1.575-5.938 3.918a1.67 1.67 0 0 1-2.147.975 1.67 1.67 0 0 1-.975-2.147c1.363-3.638 5.005-6.081 9.062-6.081s7.695 2.443 9.06 6.081m20.691 2.147a1.67 1.67 0 0 1-2.148-.975c-.878-2.343-3.265-3.918-5.938-3.918-2.674 0-5.06 1.575-5.939 3.918a1.67 1.67 0 0 1-2.146.975 1.67 1.67 0 0 1-.975-2.147c1.363-3.638 5.005-6.081 9.061-6.081 4.057 0 7.697 2.443 9.062 6.081a1.67 1.67 0 0 1-.975 2.147z\"\/>\n\t\t\t\t\t\t\t<\/svg>\n\t\t\t\t\t\t\t<h3 class=\"welcome-form-confirmation-card__title\" id=\"welcome-form-confirmation-campus-name\">Open Days in<\/h3>\t\t\t\t\t\t\t<div class=\"welcome-form-confirmation-card__text\"><p>Meet our teams, chat with our students and explore the campus<\/p>\n<\/div>\n\t\t\t\t\t\t\t<div class=\"wp-block-button is-style-subtle-sm\"><a href=\"#\" class=\"welcome-form-confirmation-card__button wp-block-button__link\" id=\"welcome-form-confirmation-card-jpo-url\" target=\"_blank\">Participer \u00e0 une Portes Ouvertes<\/a><\/div>\n\t\t\t\t\t\t<\/div>\n\t\t\t\t\t\t\t\t\t\t\t\t\t\t\t\t<div class=\"welcome-form-confirmation-card\">\n\t\t\t\t\t\t\t<svg xmlns=\"http:\/\/www.w3.org\/2000\/svg\" viewBox=\"0 0 40 40\" class=\"welcome-form-confirmation-card__icon\" aria-hidden=\"true\">\n\t\t\t\t\t\t\t\t<path d=\"M36.667 30.287V20a1.667 1.667 0 0 0-3.334 0v10h-7.5c-.441 0-.866.175-1.178.488l-1.178 1.179h-6.954l-1.178-1.179A1.67 1.67 0 0 0 14.167 30h-7.5V18.333c0-2.756 2.243-5 5-5h6.666a1.667 1.667 0 0 0 0-3.333h-6.666c-4.595 0-8.334 3.738-8.334 8.333v11.954A5.01 5.01 0 0 0 0 35c0 2.757 2.243 5 5 5h30c2.757 0 5-2.243 5-5a5.01 5.01 0 0 0-3.333-4.713M35 36.667H5A1.67 1.67 0 0 1 3.333 35 1.67 1.67 0 0 1 5 33.333h8.477l1.178 1.179c.313.313.737.488 1.178.488h8.334c.441 0 .866-.175 1.178-.488l1.178-1.179H35A1.67 1.67 0 0 1 36.667 35 1.67 1.67 0 0 1 35 36.667M35.08 0h-6.827a4.925 4.925 0 0 0-4.92 4.92v3.493a4.93 4.93 0 0 0 4.269 4.877l2.298 1.902a2.56 2.56 0 0 0 1.702.646c.59 0 1.175-.205 1.628-.608l2.317-1.918A4.93 4.93 0 0 0 40 8.413V4.92A4.925 4.925 0 0 0 35.08 0m1.587 8.413c0 .875-.712 1.587-1.587 1.587h-.16c-.388 0-.763.135-1.063.383l-2.27 1.88-2.272-1.88a1.67 1.67 0 0 0-1.063-.381 1.59 1.59 0 0 1-1.587-1.587V4.922c0-.875.712-1.587 1.587-1.587h6.826c.875 0 1.587.712 1.587 1.587v3.493zM19.943 26.815q.058.176.057.35c-.003.622-.547 1.168-1.237 1.168h-7.525c-.818 0-1.43-.766-1.181-1.518.666-2.02 2.628-3.482 4.943-3.482s4.277 1.464 4.943 3.482M15 21.667a3.33 3.33 0 0 1-3.333-3.334 3.332 3.332 0 1 1 6.666 0A3.33 3.33 0 0 1 15 21.667m5 5.498q-.002-.173.057-.35c.666-2.02 2.628-3.482 4.943-3.482s4.277 1.464 4.943 3.482c.249.752-.363 1.518-1.181 1.518h-7.525c-.69 0-1.234-.545-1.237-1.168m1.667-8.832a3.332 3.332 0 1 1 6.666 0 3.332 3.332 0 1 1-6.666 0\"\/>\n\t\t\t\t\t\t\t<\/svg>\n\t\t\t\t\t\t\t<h3 class=\"welcome-form-confirmation-card__title\">Appointment<\/h3>\n\t\t\t\t\t\t\t<div class=\"welcome-form-confirmation-card__text\"><p>Book an appointment with our teams and build your study plan<\/p>\n<\/div>\n\t\t\t\t\t\t\t<div class=\"wp-block-button is-style-subtle-sm\"><a href=\"#\" class=\"welcome-form-confirmation-card__button wp-block-button__link\" id=\"welcome-form-confirmation-card-booking-url\" target=\"_blank\">Prendre un RDV personnalis\u00e9<\/a><\/div>\n\t\t\t\t\t\t<\/div>\n\t\t\t\t\t\t\t\t\t<\/div>\n\t\t\t\t\t\t\t\t\t<div class=\"welcome-form-confirmation-footer__site-url wp-block-buttons is-layout-flex\">\n\t\t\t\t\t\t<div class=\"wp-block-button is-style-outline-md\"><a href=\"https:\/\/www.supdepub.com\/en\/\" class=\"wp-block-button__link\">Return to the Sup de Pub website<\/a><\/div>\n\t\t\t\t\t<\/div>\n\t\t\t\t\t\t\t<\/div>\n\t\t<\/div>\n\t<\/div>\n<\/div>\n","protected":false},"excerpt":{"rendered":"","protected":false},"author":217,"featured_media":0,"parent":0,"menu_order":0,"comment_status":"closed","ping_status":"closed","template":"welcome-form-confirmation","meta":{"_acf_changed":false,"footnotes":""},"analytics_tag":[],"class_list":["post-228","page","type-page","status-publish","hentry"],"acf":[],"yoast_head":"<title>Brochure request confirmation - supdepub Inscription<\/title>\n<meta name=\"robots\" content=\"index, follow, max-snippet:-1, max-image-preview:large, max-video-preview:-1\" \/>\n<link rel=\"canonical\" href=\"https:\/\/www.supdepub.com\/inscription\/en\/brochure-confirmation\/\" \/>\n<meta property=\"og:locale\" content=\"fr_FR\" \/>\n<meta property=\"og:type\" content=\"article\" \/>\n<meta property=\"og:title\" content=\"Brochure request confirmation - supdepub Inscription\" \/>\n<meta property=\"og:url\" content=\"https:\/\/www.supdepub.com\/inscription\/en\/brochure-confirmation\/\" \/>\n<meta property=\"og:site_name\" content=\"supdepub Inscription\" \/>\n<meta property=\"article:modified_time\" content=\"2026-03-19T13:50:38+00:00\" \/>\n<meta name=\"twitter:card\" content=\"summary_large_image\" \/>\n<script type=\"application\/ld+json\" class=\"yoast-schema-graph\">{\"@context\":\"https:\/\/schema.org\",\"@graph\":[{\"@type\":\"WebPage\",\"@id\":\"https:\/\/www.supdepub.com\/inscription\/en\/brochure-confirmation\/\",\"url\":\"https:\/\/www.supdepub.com\/inscription\/en\/brochure-confirmation\/\",\"name\":\"Brochure request confirmation - supdepub Inscription\",\"isPartOf\":{\"@id\":\"https:\/\/www.supdepub.com\/inscription\/#website\"},\"datePublished\":\"2026-03-18T11:58:20+00:00\",\"dateModified\":\"2026-03-19T13:50:38+00:00\",\"breadcrumb\":{\"@id\":\"https:\/\/www.supdepub.com\/inscription\/en\/brochure-confirmation\/#breadcrumb\"},\"inLanguage\":\"fr-FR\",\"potentialAction\":[{\"@type\":\"ReadAction\",\"target\":[\"https:\/\/www.supdepub.com\/inscription\/en\/brochure-confirmation\/\"]}]},{\"@type\":\"BreadcrumbList\",\"@id\":\"https:\/\/www.supdepub.com\/inscription\/en\/brochure-confirmation\/#breadcrumb\",\"itemListElement\":[{\"@type\":\"ListItem\",\"position\":1,\"name\":\"Home\",\"item\":\"https:\/\/www.supdepub.com\/inscription\/\"},{\"@type\":\"ListItem\",\"position\":2,\"name\":\"Brochure request confirmation\"}]},{\"@type\":\"WebSite\",\"@id\":\"https:\/\/www.supdepub.com\/inscription\/#website\",\"url\":\"https:\/\/www.supdepub.com\/inscription\/\",\"name\":\"supdepub Inscription\",\"description\":\"\",\"potentialAction\":[{\"@type\":\"SearchAction\",\"target\":{\"@type\":\"EntryPoint\",\"urlTemplate\":\"https:\/\/www.supdepub.com\/inscription\/?s={search_term_string}\"},\"query-input\":{\"@type\":\"PropertyValueSpecification\",\"valueRequired\":true,\"valueName\":\"search_term_string\"}}],\"inLanguage\":\"fr-FR\"}]}<\/script>","yoast_head_json":{"title":"Brochure request confirmation - supdepub Inscription","robots":{"index":"index","follow":"follow","max-snippet":"max-snippet:-1","max-image-preview":"max-image-preview:large","max-video-preview":"max-video-preview:-1"},"canonical":"https:\/\/www.supdepub.com\/inscription\/en\/brochure-confirmation\/","og_locale":"fr_FR","og_type":"article","og_title":"Brochure request confirmation - supdepub Inscription","og_url":"https:\/\/www.supdepub.com\/inscription\/en\/brochure-confirmation\/","og_site_name":"supdepub Inscription","article_modified_time":"2026-03-19T13:50:38+00:00","twitter_card":"summary_large_image","schema":{"@context":"https:\/\/schema.org","@graph":[{"@type":"WebPage","@id":"https:\/\/www.supdepub.com\/inscription\/en\/brochure-confirmation\/","url":"https:\/\/www.supdepub.com\/inscription\/en\/brochure-confirmation\/","name":"Brochure request confirmation - supdepub Inscription","isPartOf":{"@id":"https:\/\/www.supdepub.com\/inscription\/#website"},"datePublished":"2026-03-18T11:58:20+00:00","dateModified":"2026-03-19T13:50:38+00:00","breadcrumb":{"@id":"https:\/\/www.supdepub.com\/inscription\/en\/brochure-confirmation\/#breadcrumb"},"inLanguage":"fr-FR","potentialAction":[{"@type":"ReadAction","target":["https:\/\/www.supdepub.com\/inscription\/en\/brochure-confirmation\/"]}]},{"@type":"BreadcrumbList","@id":"https:\/\/www.supdepub.com\/inscription\/en\/brochure-confirmation\/#breadcrumb","itemListElement":[{"@type":"ListItem","position":1,"name":"Home","item":"https:\/\/www.supdepub.com\/inscription\/"},{"@type":"ListItem","position":2,"name":"Brochure request confirmation"}]},{"@type":"WebSite","@id":"https:\/\/www.supdepub.com\/inscription\/#website","url":"https:\/\/www.supdepub.com\/inscription\/","name":"supdepub Inscription","description":"","potentialAction":[{"@type":"SearchAction","target":{"@type":"EntryPoint","urlTemplate":"https:\/\/www.supdepub.com\/inscription\/?s={search_term_string}"},"query-input":{"@type":"PropertyValueSpecification","valueRequired":true,"valueName":"search_term_string"}}],"inLanguage":"fr-FR"}]}},"lang":"en","translations":{"en":228,"fr":20},"jetpack_sharing_enabled":true,"pll_sync_post":[],"_links":{"self":[{"href":"https:\/\/www.supdepub.com\/inscription\/wp-json\/wp\/v2\/pages\/228","targetHints":{"allow":["GET"]}}],"collection":[{"href":"https:\/\/www.supdepub.com\/inscription\/wp-json\/wp\/v2\/pages"}],"about":[{"href":"https:\/\/www.supdepub.com\/inscription\/wp-json\/wp\/v2\/types\/page"}],"author":[{"embeddable":true,"href":"https:\/\/www.supdepub.com\/inscription\/wp-json\/wp\/v2\/users\/217"}],"replies":[{"embeddable":true,"href":"https:\/\/www.supdepub.com\/inscription\/wp-json\/wp\/v2\/comments?post=228"}],"version-history":[{"count":4,"href":"https:\/\/www.supdepub.com\/inscription\/wp-json\/wp\/v2\/pages\/228\/revisions"}],"predecessor-version":[{"id":668,"href":"https:\/\/www.supdepub.com\/inscription\/wp-json\/wp\/v2\/pages\/228\/revisions\/668"}],"wp:attachment":[{"href":"https:\/\/www.supdepub.com\/inscription\/wp-json\/wp\/v2\/media?parent=228"}],"wp:term":[{"taxonomy":"analytics_tag","embeddable":true,"href":"https:\/\/www.supdepub.com\/inscription\/wp-json\/wp\/v2\/analytics_tag?post=228"}],"curies":[{"name":"wp","href":"https:\/\/api.w.org\/{rel}","templated":true}]}}